{"id":1555,"date":"2022-08-02T15:36:50","date_gmt":"2022-08-02T22:36:50","guid":{"rendered":"https:\/\/obesitybajapoint.com\/?page_id=1555"},"modified":"2022-11-24T01:28:26","modified_gmt":"2022-11-24T08:28:26","slug":"self-evaluation","status":"publish","type":"page","link":"https:\/\/obesitybajapoint.com\/es\/self-evaluation\/","title":{"rendered":"Auto-evaluaci\u00f3n"},"content":{"rendered":"<div data-elementor-type=\"wp-page\" data-elementor-id=\"1555\" class=\"elementor elementor-1555\">\n\t\t\t\t<div class=\"elementor-element elementor-element-1553f39 e-con-full e-flex e-con e-parent\" data-id=\"1553f39\" data-element_type=\"container\">\n\t\t<div class=\"elementor-element elementor-element-98ec681 e-con-full e-flex e-con e-parent\" data-id=\"98ec681\" data-element_type=\"container\" data-settings=\"{&quot;background_background&quot;:&quot;gradient&quot;}\">\n\t\t<div class=\"elementor-element elementor-element-3f4eb03 e-flex e-con-boxed e-con e-parent\" data-id=\"3f4eb03\" data-element_type=\"container\">\n\t\t\t\t\t<div class=\"e-con-inner\">\n\t\t<div class=\"elementor-element elementor-element-cd305ef e-con-full e-flex e-con e-parent\" data-id=\"cd305ef\" data-element_type=\"container\">\n\t\t\t\t<div class=\"elementor-element elementor-element-8814b32 elementor-widget elementor-widget-heading\" data-id=\"8814b32\" data-element_type=\"widget\" data-widget_type=\"heading.default\">\n\t\t\t\t<div class=\"elementor-widget-container\">\n\t\t\t<style>\/*! elementor - v3.23.0 - 15-07-2024 *\/\n.elementor-heading-title{padding:0;margin:0;line-height:1}.elementor-widget-heading .elementor-heading-title[class*=elementor-size-]>a{color:inherit;font-size:inherit;line-height:inherit}.elementor-widget-heading .elementor-heading-title.elementor-size-small{font-size:15px}.elementor-widget-heading .elementor-heading-title.elementor-size-medium{font-size:19px}.elementor-widget-heading .elementor-heading-title.elementor-size-large{font-size:29px}.elementor-widget-heading .elementor-heading-title.elementor-size-xl{font-size:39px}.elementor-widget-heading .elementor-heading-title.elementor-size-xxl{font-size:59px}<\/style><h2 class=\"elementor-heading-title elementor-size-default\">Conoce tu cuerpo.<\/h2>\t\t<\/div>\n\t\t\t\t<\/div>\n\t\t\t\t<\/div>\n\t\t\t\t\t<\/div>\n\t\t\t\t<\/div>\n\t\t\t\t<\/div>\n\t\t\t\t<\/div>\n\t\t<div class=\"elementor-element elementor-element-70d638d e-flex e-con-boxed e-con e-parent\" data-id=\"70d638d\" data-element_type=\"container\">\n\t\t\t\t\t<div class=\"e-con-inner\">\n\t\t\t\t<div class=\"elementor-element elementor-element-4c7d87a elementor-widget elementor-widget-heading\" data-id=\"4c7d87a\" data-element_type=\"widget\" data-widget_type=\"heading.default\">\n\t\t\t\t<div class=\"elementor-widget-container\">\n\t\t\t<h2 class=\"elementor-heading-title elementor-size-default\">\u00cdndice de masa corporal (IMC)<\/h2>\t\t<\/div>\n\t\t\t\t<\/div>\n\t\t\t\t<div class=\"elementor-element elementor-element-c85d22a elementor-widget elementor-widget-text-editor\" data-id=\"c85d22a\" data-element_type=\"widget\" data-widget_type=\"text-editor.default\">\n\t\t\t\t<div class=\"elementor-widget-container\">\n\t\t\t<style>\/*! elementor - v3.23.0 - 15-07-2024 *\/\n.elementor-widget-text-editor.elementor-drop-cap-view-stacked .elementor-drop-cap{background-color:#69727d;color:#fff}.elementor-widget-text-editor.elementor-drop-cap-view-framed .elementor-drop-cap{color:#69727d;border:3px solid;background-color:transparent}.elementor-widget-text-editor:not(.elementor-drop-cap-view-default) .elementor-drop-cap{margin-top:8px}.elementor-widget-text-editor:not(.elementor-drop-cap-view-default) .elementor-drop-cap-letter{width:1em;height:1em}.elementor-widget-text-editor .elementor-drop-cap{float:left;text-align:center;line-height:1;font-size:50px}.elementor-widget-text-editor .elementor-drop-cap-letter{display:inline-block}<\/style>\t\t\t\t<p>El \u00edndice de masa corporal (IMC) es una medida de la grasa corporal basada en la altura y el peso que se aplica a hombres y mujeres adultos. Un IMC elevado puede ser un indicador de un alto nivel de grasa corporal. El IMC puede utilizarse para detectar categor\u00edas de peso que pueden provocar problemas de salud, pero no es un diagn\u00f3stico de la grasa corporal ni de la salud de un individuo.<\/p>\t\t\t\t\t\t<\/div>\n\t\t\t\t<\/div>\n\t\t<div class=\"elementor-element elementor-element-40cf7e9 e-flex e-con-boxed e-con e-parent\" data-id=\"40cf7e9\" data-element_type=\"container\">\n\t\t\t\t\t<div class=\"e-con-inner\">\n\t\t\t\t<div class=\"elementor-element elementor-element-2db24e5 elementor-widget elementor-widget-html\" data-id=\"2db24e5\" data-element_type=\"widget\" data-widget_type=\"html.default\">\n\t\t\t\t<div class=\"elementor-widget-container\">\n\t\t\t<div class=\"yz-widget\" data-calculator-type=\"bmi\" data-language=\"en\" data-unit-system=\"imperial\" data-background-color=\"#EEEEEE\" data-text-color=\"#212121\" data-primary-color=\"#03A9F4\" data-alternate-background-color=\"#FFFFFF\" data-alternate-text-color=\"#FFFFFF\" data-secondary-color=\"#FFC107\"><span class=\"yz-copyright\">Powered by <a href=\"https:\/\/www.yazio.com\/en\/bmi-calculator\">YAZIO<\/a><\/span><\/div>\r\n<script src=\"https:\/\/widget.yazio.com\/calculator.js\" async><\/script>\t\t<\/div>\n\t\t\t\t<\/div>\n\t\t\t\t\t<\/div>\n\t\t\t\t<\/div>\n\t\t\t\t\t<\/div>\n\t\t\t\t<\/div>\n\t\t<div class=\"elementor-element elementor-element-f0a5c0b e-flex e-con-boxed e-con e-parent\" data-id=\"f0a5c0b\" data-element_type=\"container\">\n\t\t\t\t\t<div class=\"e-con-inner\">\n\t\t\t\t<div class=\"elementor-element elementor-element-4380446 elementor-widget elementor-widget-heading\" data-id=\"4380446\" data-element_type=\"widget\" data-widget_type=\"heading.default\">\n\t\t\t\t<div class=\"elementor-widget-container\">\n\t\t\t<h2 class=\"elementor-heading-title elementor-size-default\">Peso ideal<\/h2>\t\t<\/div>\n\t\t\t\t<\/div>\n\t\t\t\t<div class=\"elementor-element elementor-element-c70566e elementor-widget elementor-widget-text-editor\" data-id=\"c70566e\" data-element_type=\"widget\" data-widget_type=\"text-editor.default\">\n\t\t\t\t<div class=\"elementor-widget-container\">\n\t\t\t\t\t\t\t<p>Calcula tu peso ideal en funci\u00f3n de tu edad y altura.\u00a0<\/p>\t\t\t\t\t\t<\/div>\n\t\t\t\t<\/div>\n\t\t<div class=\"elementor-element elementor-element-88a90e1 e-flex e-con-boxed e-con e-parent\" data-id=\"88a90e1\" data-element_type=\"container\">\n\t\t\t\t\t<div class=\"e-con-inner\">\n\t\t\t\t<div class=\"elementor-element elementor-element-04f7fa9 elementor-widget elementor-widget-html\" data-id=\"04f7fa9\" data-element_type=\"widget\" data-widget_type=\"html.default\">\n\t\t\t\t<div class=\"elementor-widget-container\">\n\t\t\t<div class=\"yz-widget\" data-calculator-type=\"ideal_weight\" data-language=\"en\" data-unit-system=\"imperial\" data-background-color=\"#EEEEEE\" data-text-color=\"#212121\" data-primary-color=\"#03A9F4\" data-alternate-background-color=\"#FFFFFF\" data-alternate-text-color=\"#FFFFFF\" data-secondary-color=\"#FFC107\"><span class=\"yz-copyright\">Powered by <a href=\"https:\/\/www.yazio.com\/en\/ideal-weight-calculator\">YAZIO<\/a><\/span><\/div>\r\n<script src=\"https:\/\/widget.yazio.com\/calculator.js\" async><\/script>\t\t<\/div>\n\t\t\t\t<\/div>\n\t\t\t\t\t<\/div>\n\t\t\t\t<\/div>\n\t\t\t\t\t<\/div>\n\t\t\t\t<\/div>\n\t\t<div class=\"elementor-element elementor-element-7d6f894 e-flex e-con-boxed e-con e-parent\" data-id=\"7d6f894\" data-element_type=\"container\">\n\t\t\t\t\t<div class=\"e-con-inner\">\n\t\t\t\t<div class=\"elementor-element elementor-element-88012a5 elementor-widget elementor-widget-heading\" data-id=\"88012a5\" data-element_type=\"widget\" data-widget_type=\"heading.default\">\n\t\t\t\t<div class=\"elementor-widget-container\">\n\t\t\t<h2 class=\"elementor-heading-title elementor-size-default\">Consumo ideal de calor\u00edas<\/h2>\t\t<\/div>\n\t\t\t\t<\/div>\n\t\t\t\t<div class=\"elementor-element elementor-element-162c73c elementor-widget elementor-widget-text-editor\" data-id=\"162c73c\" data-element_type=\"widget\" data-widget_type=\"text-editor.default\">\n\t\t\t\t<div class=\"elementor-widget-container\">\n\t\t\t\t\t\t\t<p>Encuentre la ingesta de calor\u00edas ideal para su dieta personal en funci\u00f3n del sexo, la edad, la altura y el peso.<\/p>\t\t\t\t\t\t<\/div>\n\t\t\t\t<\/div>\n\t\t<div class=\"elementor-element elementor-element-a7055e7 e-flex e-con-boxed e-con e-parent\" data-id=\"a7055e7\" data-element_type=\"container\">\n\t\t\t\t\t<div class=\"e-con-inner\">\n\t\t\t\t<div class=\"elementor-element elementor-element-b891be1 elementor-widget elementor-widget-html\" data-id=\"b891be1\" data-element_type=\"widget\" data-widget_type=\"html.default\">\n\t\t\t\t<div class=\"elementor-widget-container\">\n\t\t\t<div class=\"yz-widget\" data-calculator-type=\"bmi\" data-language=\"en\" data-unit-system=\"imperial\" data-background-color=\"#EEEEEE\" data-text-color=\"#212121\" data-primary-color=\"#03A9F4\" data-alternate-background-color=\"#FFFFFF\" data-alternate-text-color=\"#FFFFFF\" data-secondary-color=\"#FFC107\"><span class=\"yz-copyright\">Powered by <a href=\"https:\/\/www.yazio.com\/en\/bmi-calculator\">YAZIO<\/a><\/span><\/div>\r\n<script src=\"https:\/\/widget.yazio.com\/calculator.js\" async><\/script>\t\t<\/div>\n\t\t\t\t<\/div>\n\t\t\t\t\t<\/div>\n\t\t\t\t<\/div>\n\t\t\t\t\t<\/div>\n\t\t\t\t<\/div>\n\t\t<div class=\"elementor-element elementor-element-f7759e5 e-flex e-con-boxed e-con e-parent\" data-id=\"f7759e5\" data-element_type=\"container\">\n\t\t\t\t\t<div class=\"e-con-inner\">\n\t\t<div class=\"elementor-element elementor-element-2d5d73b e-con-full e-flex e-con e-parent\" data-id=\"2d5d73b\" data-element_type=\"container\" data-settings=\"{&quot;background_background&quot;:&quot;classic&quot;}\">\n\t\t<div class=\"elementor-element elementor-element-64946e5 e-con-full e-flex e-con e-parent\" data-id=\"64946e5\" data-element_type=\"container\">\n\t\t\t\t<div class=\"elementor-element elementor-element-182fdce elementor-widget elementor-widget-heading\" data-id=\"182fdce\" data-element_type=\"widget\" data-widget_type=\"heading.default\">\n\t\t\t\t<div class=\"elementor-widget-container\">\n\t\t\t<h2 class=\"elementor-heading-title elementor-size-default\">Cuidaremos de ti<\/h2>\t\t<\/div>\n\t\t\t\t<\/div>\n\t\t\t\t<div class=\"elementor-element elementor-element-f787dd6 elementor-widget elementor-widget-text-editor\" data-id=\"f787dd6\" data-element_type=\"widget\" data-widget_type=\"text-editor.default\">\n\t\t\t\t<div class=\"elementor-widget-container\">\n\t\t\t\t\t\t\t<p>Pierda peso, aumente su energ\u00eda y prevenga las enfermedades metab\u00f3licas con la ayuda de nuestros cirujanos certificados y expertos en bariatr\u00eda.<\/p>\t\t\t\t\t\t<\/div>\n\t\t\t\t<\/div>\n\t\t\t\t<\/div>\n\t\t<div class=\"elementor-element elementor-element-2315191 e-con-full e-flex e-con e-parent\" data-id=\"2315191\" data-element_type=\"container\">\n\t\t\t\t<div class=\"elementor-element elementor-element-f478c05 elementor-mobile-align-center elementor-align-center elementor-widget elementor-widget-button\" data-id=\"f478c05\" data-element_type=\"widget\" data-widget_type=\"button.default\">\n\t\t\t\t<div class=\"elementor-widget-container\">\n\t\t\t\t\t<div class=\"elementor-button-wrapper\">\n\t\t\t<a class=\"elementor-button elementor-button-link elementor-size-sm\" href=\"https:\/\/api.whatsapp.com\/send?phone=14422310496&#038;text=Buen%20d%C3%ADa,%20quisiera%20mas%20informaci%C3%B3n%20sobre%20Obesity%20Baja%20Point.\">\n\t\t\t\t\t\t<span class=\"elementor-button-content-wrapper\">\n\t\t\t\t\t\t\t\t\t<span class=\"elementor-button-text\">Obtenga una evaluaci\u00f3n hoy<\/span>\n\t\t\t\t\t<\/span>\n\t\t\t\t\t<\/a>\n\t\t<\/div>\n\t\t\t\t<\/div>\n\t\t\t\t<\/div>\n\t\t\t\t<\/div>\n\t\t\t\t<\/div>\n\t\t\t\t\t<\/div>\n\t\t\t\t<\/div>\n\t\t<div class=\"elementor-element elementor-element-f742e27 e-flex e-con-boxed e-con e-parent\" data-id=\"f742e27\" data-element_type=\"container\" data-settings=\"{&quot;background_background&quot;:&quot;classic&quot;}\">\n\t\t\t\t\t<div class=\"e-con-inner\">\n\t\t<div class=\"elementor-element elementor-element-7879684 e-flex e-con-boxed e-con e-parent\" data-id=\"7879684\" data-element_type=\"container\">\n\t\t\t\t\t<div class=\"e-con-inner\">\n\t\t\t\t<div class=\"elementor-element elementor-element-7d30fb4 elementor-widget elementor-widget-heading\" data-id=\"7d30fb4\" data-element_type=\"widget\" data-widget_type=\"heading.default\">\n\t\t\t\t<div class=\"elementor-widget-container\">\n\t\t\t<h2 class=\"elementor-heading-title elementor-size-default\">Lo m\u00e1s reciente del Blog<\/h2>\t\t<\/div>\n\t\t\t\t<\/div>\n\t\t\t\t<div class=\"elementor-element elementor-element-aa09aec elementor-widget elementor-widget-text-editor\" data-id=\"aa09aec\" data-element_type=\"widget\" data-widget_type=\"text-editor.default\">\n\t\t\t\t<div class=\"elementor-widget-container\">\n\t\t\t\t\t\t\t<p>Conozca c\u00f3mo controlar su peso, mantenerse sano y aumentar su energ\u00eda con nuestros blogs gratuitos de 5 minutos.<\/p>\t\t\t\t\t\t<\/div>\n\t\t\t\t<\/div>\n\t\t\t\t<div class=\"elementor-element elementor-element-da50f76 elementor-widget elementor-widget-shortcode\" data-id=\"da50f76\" data-element_type=\"widget\" data-widget_type=\"shortcode.default\">\n\t\t\t\t<div class=\"elementor-widget-container\">\n\t\t\t\t\t<div class=\"elementor-shortcode\"><div class=\"ct-posts-shortcode\" data-prefix=\"blog\"><div class=\"entries\" data-archive=\"default\" data-layout=\"grid\" data-cards=\"boxed\" data-hover=\"zoom-in\"><article class=\"entry-card card-content post-2416 post type-post status-publish format-standard hentry category-bariatric-surgery category-medical-tourism tag-bariatric-post-op tag-gastric-sleeve-recovery tag-gastric-sleeve-timeline tag-life-after-gastric-sleeve tag-sleeve-gastrectomy-diet tag-sleeve-gastrectomy-supplements tag-vsg-recovery\" data-reveal=\"bottom:no\"><ul class=\"entry-meta\" data-type=\"simple:slash\" data-id=\"dkffUY\" ><li class=\"meta-categories\" data-type=\"pill\"><a href=\"https:\/\/obesitybajapoint.com\/es\/category\/bariatric-surgery\/\" rel=\"tag\" class=\"ct-term-28\">Bariatric Surgery<\/a><a href=\"https:\/\/obesitybajapoint.com\/es\/category\/medical-tourism\/\" rel=\"tag\" class=\"ct-term-29\">Medical Tourism<\/a><\/li><\/ul><h2 class=\"entry-title\"><a href=\"https:\/\/obesitybajapoint.com\/es\/gastric-sleeve-recovery-week-by-week-diet-exercise-vitamin-protocol\/\" rel=\"bookmark\">Gastric Sleeve Recovery \u2014 Realistic Week-by-Week Timeline (Diet, Exercise, Vitamins)<\/a><\/h2><div class=\"entry-excerpt\"><p>Medically reviewed 2026 recovery protocol: 6-week diet progression, supplement schedule, exercise milestones, hair loss, plateau management, type 2 diabetes timeline. By OBP.<\/p>\n<\/div><\/article><article class=\"entry-card card-content post-2414 post type-post status-publish format-standard hentry category-bariatric-surgery category-medical-tourism tag-bariatric-comparison tag-gastric-bypass tag-gastric-sleeve tag-medical-tourism tag-roux-en-y tag-rygb tag-sleeve-vs-bypass tag-tijuana-bariatric tag-vsg\" data-reveal=\"bottom:no\"><ul class=\"entry-meta\" data-type=\"simple:slash\" data-id=\"dkffUY\" ><li class=\"meta-categories\" data-type=\"pill\"><a href=\"https:\/\/obesitybajapoint.com\/es\/category\/bariatric-surgery\/\" rel=\"tag\" class=\"ct-term-28\">Bariatric Surgery<\/a><a href=\"https:\/\/obesitybajapoint.com\/es\/category\/medical-tourism\/\" rel=\"tag\" class=\"ct-term-29\">Medical Tourism<\/a><\/li><\/ul><h2 class=\"entry-title\"><a href=\"https:\/\/obesitybajapoint.com\/es\/gastric-sleeve-vs-gastric-bypass-2026-comparison-cost-outcomes\/\" rel=\"bookmark\">Gastric Sleeve vs Gastric Bypass \u2014 Which Is Right For You? (2026 Evidence-Based Comparison)<\/a><\/h2><div class=\"entry-excerpt\"><p>Evidence-based 2026 comparison: 5- and 10-year RCT data on weight loss, T2DM, GERD, bone density, nutrition. Tijuana cost $5,200-$8,500. 13 peer-reviewed citations.<\/p>\n<\/div><\/article><article class=\"entry-card card-content post-2409 post type-post status-publish format-standard hentry category-bariatric-surgery category-medical-tourism tag-asmbs tag-bariatric-surgery tag-cbx tag-cost tag-gastric-sleeve tag-ifso tag-medical-reviewed tag-medical-tourism tag-obesity tag-tijuana tag-vertical-sleeve-gastrectomy tag-vsg tag-weight-loss-surgery\" data-reveal=\"bottom:no\"><ul class=\"entry-meta\" data-type=\"simple:slash\" data-id=\"dkffUY\" ><li class=\"meta-categories\" data-type=\"pill\"><a href=\"https:\/\/obesitybajapoint.com\/es\/category\/bariatric-surgery\/\" rel=\"tag\" class=\"ct-term-28\">Bariatric Surgery<\/a><a href=\"https:\/\/obesitybajapoint.com\/es\/category\/medical-tourism\/\" rel=\"tag\" class=\"ct-term-29\">Medical Tourism<\/a><\/li><\/ul><h2 class=\"entry-title\"><a href=\"https:\/\/obesitybajapoint.com\/es\/gastric-sleeve-tijuana-cost-process-us-patients-2026-guide\/\" rel=\"bookmark\">Gastric Sleeve in Tijuana: Cost, Process &#038; What U.S. Patients Need to Know (2026 Guide)<\/a><\/h2><div class=\"entry-excerpt\"><p>Medically reviewed 2026 guide for U.S. patients: all-inclusive cost $5,200-$7,500, ASMBS\/IFSO qualification, sleeve vs bypass evidence, CBX logistics, financing, and how to vet a Tijuana surgeon. With 10 peer-reviewed citations.<\/p>\n<\/div><\/article><\/div><\/div><\/div>\n\t\t\t\t<\/div>\n\t\t\t\t<\/div>\n\t\t\t\t\t<\/div>\n\t\t\t\t<\/div>\n\t\t<div class=\"elementor-element elementor-element-769cda9 e-con-full e-flex e-con e-parent\" data-id=\"769cda9\" data-element_type=\"container\" data-settings=\"{&quot;background_background&quot;:&quot;classic&quot;}\">\n\t\t<div class=\"elementor-element elementor-element-94c398b e-flex e-con-boxed e-con e-parent\" data-id=\"94c398b\" data-element_type=\"container\">\n\t\t\t\t\t<div class=\"e-con-inner\">\n\t\t\t\t<div class=\"elementor-element elementor-element-cba374b elementor-widget elementor-widget-heading\" data-id=\"cba374b\" data-element_type=\"widget\" data-widget_type=\"heading.default\">\n\t\t\t\t<div class=\"elementor-widget-container\">\n\t\t\t<h2 class=\"elementor-heading-title elementor-size-default\">Bolet\u00edn de noticias<\/h2>\t\t<\/div>\n\t\t\t\t<\/div>\n\t\t\t\t<div class=\"elementor-element elementor-element-98f43a6 elementor-widget elementor-widget-text-editor\" data-id=\"98f43a6\" data-element_type=\"widget\" data-widget_type=\"text-editor.default\">\n\t\t\t\t<div class=\"elementor-widget-container\">\n\t\t\t\t\t\t\t<p>Introduzca su direcci\u00f3n de correo eletr\u00f3nico para suscribirise a nuestro bolet\u00edn<\/p>\t\t\t\t\t\t<\/div>\n\t\t\t\t<\/div>\n\t\t\t\t\t<\/div>\n\t\t\t\t<\/div>\n\t\t\t\t<\/div>\n\t\t\t\t\t<\/div>\n\t\t\t\t<\/div>\n\t\t\t\t<\/div>","protected":false},"excerpt":{"rendered":"<p>Get to know your body. Body Mass Index (BMI) Body mass index (BMI) is a measure of body fat based on height and weight that applies to adult men and women. A high BMI can be an indicator of high body fatness. BMI can be used to screen for weight categories that may lead to [&hellip;]<\/p>","protected":false},"author":1,"featured_media":0,"parent":0,"menu_order":0,"comment_status":"closed","ping_status":"closed","template":"","meta":{"om_disable_all_campaigns":false,"_monsterinsights_skip_tracking":false,"_monsterinsights_sitenote_active":false,"_monsterinsights_sitenote_note":"","_monsterinsights_sitenote_category":0,"footnotes":""},"class_list":["post-1555","page","type-page","status-publish","hentry"],"blocksy_meta":{"page_title_panel":"","has_hero_section":"disabled","6adf8427e3338cacf5ab2f524b7ef8b1":"","hero_section":"type-1","hero_elements":[{"id":"custom_title","enabled":true,"heading_tag":"h1","title":"Home"},{"id":"custom_description","enabled":true,"description_visibility":{"desktop":true,"tablet":true,"mobile":false}},{"id":"custom_meta","enabled":false,"meta_elements":[{"id":"author","enabled":true,"label":"By","has_author_avatar":"yes","avatar_size":25},{"id":"post_date","enabled":true,"label":"On","date_format_source":"default","date_format":"M j, Y"},{"id":"updated_date","enabled":false,"label":"On","date_format_source":"default","date_format":"M j, Y"},{"id":"categories","enabled":false,"label":"In","style":"simple"},{"id":"comments","enabled":true}],"page_meta_elements":{"joined":true,"articles_count":true,"comments":true}},{"id":"breadcrumbs","enabled":false}],"9741cca921386e11d73035f6d3788b1c":"","hero_alignment1":"CT_CSS_SKIP_RULE","hero_margin":40,"hero_alignment2":"center","hero_vertical_alignment":"center","7295e70143525a5f80712cda0789f708":"","hero_structure":"narrow","f28dfdaa4842de3933d4727cb207d2e1":"","page_title_bg_type":"featured_image","custom_hero_background":{"attachment_id":null},"page_title_image_size":"full","parallax":{"desktop":false,"tablet":false,"mobile":false},"5edf9deb27275997a5092861bfebae73":"","hero_height":"250px","pageTitleFont":{"family":"Default","variation":"Default","size":"30px","line-height":"CT_CSS_SKIP_RULE","letter-spacing":"CT_CSS_SKIP_RULE","text-transform":"CT_CSS_SKIP_RULE","text-decoration":"CT_CSS_SKIP_RULE"},"pageTitleFontColor":{"default":{"color":"CT_CSS_SKIP_RULEDEFAULT"}},"pageMetaFont":{"family":"Default","variation":"n6","size":"12px","line-height":"1.3","letter-spacing":"CT_CSS_SKIP_RULE","text-transform":"uppercase","text-decoration":"CT_CSS_SKIP_RULE"},"pageMetaFontColor":{"default":{"color":"CT_CSS_SKIP_RULEDEFAULT"},"hover":{"color":"CT_CSS_SKIP_RULEDEFAULT"}},"page_meta_button_type_font_colors":{"default":{"color":"CT_CSS_SKIP_RULEDEFAULT"},"hover":{"color":"CT_CSS_SKIP_RULEDEFAULT"}},"page_meta_button_type_background_colors":{"default":{"color":"CT_CSS_SKIP_RULEDEFAULT"},"hover":{"color":"CT_CSS_SKIP_RULEDEFAULT"}},"pageExcerptFont":{"family":"Default","variation":"Default","size":"CT_CSS_SKIP_RULE","line-height":"CT_CSS_SKIP_RULE","letter-spacing":"CT_CSS_SKIP_RULE","text-transform":"CT_CSS_SKIP_RULE","text-decoration":"CT_CSS_SKIP_RULE"},"pageExcerptColor":{"default":{"color":"CT_CSS_SKIP_RULEDEFAULT"}},"breadcrumbsFont":{"family":"Default","variation":"Default","size":"CT_CSS_SKIP_RULE","line-height":"CT_CSS_SKIP_RULE","letter-spacing":"CT_CSS_SKIP_RULE","text-transform":"CT_CSS_SKIP_RULE","text-decoration":"CT_CSS_SKIP_RULE"},"breadcrumbsFontColor":{"default":{"color":"CT_CSS_SKIP_RULEDEFAULT"},"initial":{"color":"CT_CSS_SKIP_RULEDEFAULT"},"hover":{"color":"CT_CSS_SKIP_RULEDEFAULT"}},"pageTitleOverlay":{"background_type":"color","background_pattern":"type-1","background_image":{"attachment_id":null,"x":0,"y":0},"gradient":"linear-gradient(135deg,rgba(6,147,227,1) 0%,rgb(155,81,224) 100%)","background_repeat":"repeat","background_size":"auto","background_attachment":"scroll","patternColor":{"default":{"color":"#e5e7ea"}},"overlayColor":{"default":{"color":"CT_CSS_SKIP_RULE"}},"backgroundColor":{"default":{"color":"CT_CSS_SKIP_RULE"}}},"pageTitleBackground":{"background_type":"color","background_pattern":"type-1","background_image":{"attachment_id":null,"x":0,"y":0},"gradient":"linear-gradient(135deg,rgba(6,147,227,1) 0%,rgb(155,81,224) 100%)","background_repeat":"repeat","background_size":"auto","background_attachment":"scroll","patternColor":{"default":{"color":"#e5e7ea"}},"overlayColor":{"default":{"color":"CT_CSS_SKIP_RULE"}},"backgroundColor":{"default":{"color":"var(--theme-palette-color-6)"}}},"pageTitlePadding":{"top":"50px","bottom":"50px","left":"auto","right":"auto","linked":true},"1bb85a443599e4f3c9dda8cd1d52b4f8":"","page_structure_type":"default","858466f3ebd28086503780ff7f37f52f":"","content_style_source":"inherit","content_style":"wide","vertical_spacing_source":"custom","content_area_spacing":"none","background":{"background_type":"color","background_pattern":"type-1","background_image":{"attachment_id":null,"x":0,"y":0},"gradient":"linear-gradient(135deg,rgba(6,147,227,1) 0%,rgb(155,81,224) 100%)","background_repeat":"repeat","background_size":"auto","background_attachment":"scroll","patternColor":{"default":{"color":"#e5e7ea"}},"overlayColor":{"default":{"color":"CT_CSS_SKIP_RULE"}},"backgroundColor":{"default":{"color":"CT_CSS_SKIP_RULE"}}},"content_background":{"background_type":"color","background_pattern":"type-1","background_image":{"attachment_id":null,"x":0,"y":0},"gradient":"linear-gradient(135deg,rgba(6,147,227,1) 0%,rgb(155,81,224) 100%)","background_repeat":"repeat","background_size":"auto","background_attachment":"scroll","patternColor":{"default":{"color":"#e5e7ea"}},"overlayColor":{"default":{"color":"CT_CSS_SKIP_RULE"}},"backgroundColor":{"default":{"color":"var(--theme-palette-color-8)"}}},"content_boxed_shadow":{"inherit":false,"blur":18,"spread":-6,"v_offset":12,"h_offset":0,"inset":false,"enable":true,"color":{"color":"rgba(34, 56, 101, 0.04)"}},"content_boxed_border":{"width":1,"style":"none","color":{"color":"rgba(44,62,80,0.2)"}},"content_boxed_radius":{"top":"3px","bottom":"3px","left":"3px","right":"3px","linked":true},"boxed_content_spacing":{"desktop":{"top":"40px","bottom":"40px","left":"40px","right":"40px","linked":true},"tablet":{"top":"35px","bottom":"35px","left":"35px","right":"35px","linked":true},"mobile":{"top":"20px","bottom":"20px","left":"20px","right":"20px","linked":true}},"89c5690a5759feff4305e208991a1347":"","disable_featured_image":"no","disable_share_box":"no","disable_header":"no","disable_footer":"no","styles_descriptor":{"styles":{"desktop":"","tablet":"","mobile":""},"google_fonts":[],"version":6}},"aioseo_notices":[],"jetpack_sharing_enabled":true,"_links":{"self":[{"href":"https:\/\/obesitybajapoint.com\/es\/wp-json\/wp\/v2\/pages\/1555","targetHints":{"allow":["GET"]}}],"collection":[{"href":"https:\/\/obesitybajapoint.com\/es\/wp-json\/wp\/v2\/pages"}],"about":[{"href":"https:\/\/obesitybajapoint.com\/es\/wp-json\/wp\/v2\/types\/page"}],"author":[{"embeddable":true,"href":"https:\/\/obesitybajapoint.com\/es\/wp-json\/wp\/v2\/users\/1"}],"replies":[{"embeddable":true,"href":"https:\/\/obesitybajapoint.com\/es\/wp-json\/wp\/v2\/comments?post=1555"}],"version-history":[{"count":21,"href":"https:\/\/obesitybajapoint.com\/es\/wp-json\/wp\/v2\/pages\/1555\/revisions"}],"predecessor-version":[{"id":2021,"href":"https:\/\/obesitybajapoint.com\/es\/wp-json\/wp\/v2\/pages\/1555\/revisions\/2021"}],"wp:attachment":[{"href":"https:\/\/obesitybajapoint.com\/es\/wp-json\/wp\/v2\/media?parent=1555"}],"curies":[{"name":"wp","href":"https:\/\/api.w.org\/{rel}","templated":true}]}}