{"id":1595,"date":"2022-08-02T16:53:14","date_gmt":"2022-08-02T23:53:14","guid":{"rendered":"https:\/\/obesitybajapoint.com\/?page_id=1595"},"modified":"2023-02-13T10:37:10","modified_gmt":"2023-02-13T17:37:10","slug":"gastric-bypass","status":"publish","type":"page","link":"https:\/\/obesitybajapoint.com\/es\/gastric-bypass\/","title":{"rendered":"Bypass G\u00e1strico"},"content":{"rendered":"<div data-elementor-type=\"wp-page\" data-elementor-id=\"1595\" class=\"elementor elementor-1595\">\n\t\t\t\t<div class=\"elementor-element elementor-element-1553f39 e-con-full e-flex e-con e-parent\" data-id=\"1553f39\" data-element_type=\"container\">\n\t\t<div class=\"elementor-element elementor-element-98ec681 e-con-full e-flex e-con e-parent\" data-id=\"98ec681\" data-element_type=\"container\" data-settings=\"{&quot;background_background&quot;:&quot;classic&quot;}\">\n\t\t<div class=\"elementor-element elementor-element-3f4eb03 e-flex e-con-boxed e-con e-parent\" data-id=\"3f4eb03\" data-element_type=\"container\">\n\t\t\t\t\t<div class=\"e-con-inner\">\n\t\t<div class=\"elementor-element elementor-element-cd305ef e-con-full e-flex e-con e-parent\" data-id=\"cd305ef\" data-element_type=\"container\">\n\t\t\t\t<div class=\"elementor-element elementor-element-1d489a9 elementor-widget elementor-widget-shortcode\" data-id=\"1d489a9\" data-element_type=\"widget\" data-widget_type=\"shortcode.default\">\n\t\t\t\t<div class=\"elementor-widget-container\">\n\t\t\t\t\t<div class=\"elementor-shortcode\"><\/div>\n\t\t\t\t<\/div>\n\t\t\t\t<\/div>\n\t\t\t\t<div class=\"elementor-element elementor-element-8814b32 elementor-widget elementor-widget-heading\" data-id=\"8814b32\" data-element_type=\"widget\" data-widget_type=\"heading.default\">\n\t\t\t\t<div class=\"elementor-widget-container\">\n\t\t\t<style>\/*! elementor - v3.23.0 - 15-07-2024 *\/\n.elementor-heading-title{padding:0;margin:0;line-height:1}.elementor-widget-heading .elementor-heading-title[class*=elementor-size-]>a{color:inherit;font-size:inherit;line-height:inherit}.elementor-widget-heading .elementor-heading-title.elementor-size-small{font-size:15px}.elementor-widget-heading .elementor-heading-title.elementor-size-medium{font-size:19px}.elementor-widget-heading .elementor-heading-title.elementor-size-large{font-size:29px}.elementor-widget-heading .elementor-heading-title.elementor-size-xl{font-size:39px}.elementor-widget-heading .elementor-heading-title.elementor-size-xxl{font-size:59px}<\/style><h2 class=\"elementor-heading-title elementor-size-default\">Bypass G\u00e1strico<\/h2>\t\t<\/div>\n\t\t\t\t<\/div>\n\t\t\t\t<\/div>\n\t\t\t\t\t<\/div>\n\t\t\t\t<\/div>\n\t\t\t\t<\/div>\n\t\t\t\t<\/div>\n\t\t<div class=\"elementor-element elementor-element-85d8e42 e-flex e-con-boxed e-con e-parent\" data-id=\"85d8e42\" data-element_type=\"container\">\n\t\t\t\t\t<div class=\"e-con-inner\">\n\t\t<div class=\"elementor-element elementor-element-0658529 e-con-full e-flex e-con e-parent\" data-id=\"0658529\" data-element_type=\"container\">\n\t\t\t\t<div class=\"elementor-element elementor-element-4c7d87a elementor-widget elementor-widget-heading\" data-id=\"4c7d87a\" data-element_type=\"widget\" data-widget_type=\"heading.default\">\n\t\t\t\t<div class=\"elementor-widget-container\">\n\t\t\t<h2 class=\"elementor-heading-title elementor-size-default\">\u00bfQu\u00e9 es un bypass g\u00e1strico?<\/h2>\t\t<\/div>\n\t\t\t\t<\/div>\n\t\t\t\t<div class=\"elementor-element elementor-element-c85d22a elementor-widget elementor-widget-text-editor\" data-id=\"c85d22a\" data-element_type=\"widget\" data-widget_type=\"text-editor.default\">\n\t\t\t\t<div class=\"elementor-widget-container\">\n\t\t\t<style>\/*! elementor - v3.23.0 - 15-07-2024 *\/\n.elementor-widget-text-editor.elementor-drop-cap-view-stacked .elementor-drop-cap{background-color:#69727d;color:#fff}.elementor-widget-text-editor.elementor-drop-cap-view-framed .elementor-drop-cap{color:#69727d;border:3px solid;background-color:transparent}.elementor-widget-text-editor:not(.elementor-drop-cap-view-default) .elementor-drop-cap{margin-top:8px}.elementor-widget-text-editor:not(.elementor-drop-cap-view-default) .elementor-drop-cap-letter{width:1em;height:1em}.elementor-widget-text-editor .elementor-drop-cap{float:left;text-align:center;line-height:1;font-size:50px}.elementor-widget-text-editor .elementor-drop-cap-letter{display:inline-block}<\/style>\t\t\t\t<p>El bypass g\u00e1strico es un tipo de cirug\u00eda bari\u00e1trica malabsortiva. Se crea una peque\u00f1a bolsa estomacal en el extremo superior del est\u00f3mago y luego el cirujano crea un bypass para los alimentos. El bypass permite que los alimentos se salten el gran est\u00f3mago excluido y la primera parte del intestino delgado, limitando la absorci\u00f3n de calor\u00edas. La p\u00e9rdida de peso se consigue al absorber menos cantidad de alimentos. El bypass g\u00e1strico se utiliza a menudo como m\u00e9todo para tratar la obesidad m\u00f3rbida, la diabetes de tipo 2, la hipertensi\u00f3n, la apnea del sue\u00f1o, otras comorbilidades o una cirug\u00eda de p\u00e9rdida de peso anterior fallida.<\/p>\t\t\t\t\t\t<\/div>\n\t\t\t\t<\/div>\n\t\t\t\t<\/div>\n\t\t<div class=\"elementor-element elementor-element-d8e4c4b e-con-full e-flex e-con e-parent\" data-id=\"d8e4c4b\" data-element_type=\"container\">\n\t\t\t\t<div class=\"elementor-element elementor-element-5ccbf0c elementor-widget elementor-widget-image\" data-id=\"5ccbf0c\" data-element_type=\"widget\" data-widget_type=\"image.default\">\n\t\t\t\t<div class=\"elementor-widget-container\">\n\t\t\t<style>\/*! elementor - v3.23.0 - 15-07-2024 *\/\n.elementor-widget-image{text-align:center}.elementor-widget-image a{display:inline-block}.elementor-widget-image a img[src$=\".svg\"]{width:48px}.elementor-widget-image img{vertical-align:middle;display:inline-block}<\/style>\t\t\t\t\t\t\t\t\t\t<img decoding=\"async\" width=\"150\" height=\"150\" src=\"https:\/\/obesitybajapoint.com\/wp-content\/uploads\/2022\/08\/icon-mini-bypass.png\" class=\"attachment-full size-full wp-image-1524\" alt=\"Gastric Bypass\" srcset=\"https:\/\/obesitybajapoint.com\/wp-content\/uploads\/2022\/08\/icon-mini-bypass.png 150w, https:\/\/obesitybajapoint.com\/wp-content\/uploads\/2022\/08\/icon-mini-bypass-100x100.png 100w\" sizes=\"(max-width: 150px) 100vw, 150px\" \/>\t\t\t\t\t\t\t\t\t\t\t\t\t<\/div>\n\t\t\t\t<\/div>\n\t\t\t\t<\/div>\n\t\t\t\t\t<\/div>\n\t\t\t\t<\/div>\n\t\t<div class=\"elementor-element elementor-element-f0a5c0b e-flex e-con-boxed e-con e-parent\" data-id=\"f0a5c0b\" data-element_type=\"container\">\n\t\t\t\t\t<div class=\"e-con-inner\">\n\t\t\t\t<div class=\"elementor-element elementor-element-4380446 elementor-widget elementor-widget-heading\" data-id=\"4380446\" data-element_type=\"widget\" data-widget_type=\"heading.default\">\n\t\t\t\t<div class=\"elementor-widget-container\">\n\t\t\t<h2 class=\"elementor-heading-title elementor-size-default\">\u00bfSoy candidato para someterme a un Bypass G\u00e1strico?<\/h2>\t\t<\/div>\n\t\t\t\t<\/div>\n\t\t\t\t<div class=\"elementor-element elementor-element-c70566e elementor-widget elementor-widget-text-editor\" data-id=\"c70566e\" data-element_type=\"widget\" data-widget_type=\"text-editor.default\">\n\t\t\t\t<div class=\"elementor-widget-container\">\n\t\t\t\t\t\t\t<p>El primer paso para determinar si usted es un buen candidato para un Bypass G\u00e1strico es ponerse en contacto con uno de nuestros coordinadores de pacientes para rellenar un r\u00e1pido Cuestionario de Salud. Dentro de las 24 horas despu\u00e9s de recibir su informaci\u00f3n, uno de nuestros cirujanos bari\u00e1tricos revisa su caso y determina si usted es un buen candidato para la cirug\u00eda de Bypass G\u00e1strico.<\/p><p>Para ser considerado un buen candidato para cualquier cirug\u00eda de bypass g\u00e1strico, la mayor\u00eda de los pacientes deber\u00e1n cumplir los siguientes requisitos:<\/p><ol><li>Tener entre 18 y 65 a\u00f1os de edad.<\/li><li>Es necesario tener expectativas realistas sobre el resultado de la cirug\u00eda.<\/li><li>Necesita un IMC superior a 30 o con patolog\u00edas com\u00f3rbidas.<\/li><\/ol>\t\t\t\t\t\t<\/div>\n\t\t\t\t<\/div>\n\t\t\t\t\t<\/div>\n\t\t\t\t<\/div>\n\t\t<div class=\"elementor-element elementor-element-f8262e0 e-flex e-con-boxed e-con e-parent\" data-id=\"f8262e0\" data-element_type=\"container\">\n\t\t\t\t\t<div class=\"e-con-inner\">\n\t\t<div class=\"elementor-element elementor-element-a31c0f5 e-con-full e-flex e-con e-parent\" data-id=\"a31c0f5\" data-element_type=\"container\">\n\t\t<div class=\"elementor-element elementor-element-ba04e06 e-flex e-con-boxed e-con e-parent\" data-id=\"ba04e06\" data-element_type=\"container\" data-settings=\"{&quot;background_background&quot;:&quot;classic&quot;}\">\n\t\t\t\t\t<div class=\"e-con-inner\">\n\t\t\t\t<div class=\"elementor-element elementor-element-eee24ca elementor-widget elementor-widget-heading\" data-id=\"eee24ca\" data-element_type=\"widget\" data-widget_type=\"heading.default\">\n\t\t\t\t<div class=\"elementor-widget-container\">\n\t\t\t<h5 class=\"elementor-heading-title elementor-size-default\">Bypass G\u00e1strico<\/h5>\t\t<\/div>\n\t\t\t\t<\/div>\n\t\t\t\t<div class=\"elementor-element elementor-element-994ed1e elementor-widget elementor-widget-image\" data-id=\"994ed1e\" data-element_type=\"widget\" data-widget_type=\"image.default\">\n\t\t\t\t<div class=\"elementor-widget-container\">\n\t\t\t\t\t\t\t\t\t\t\t\t\t<img decoding=\"async\" width=\"150\" height=\"150\" src=\"https:\/\/obesitybajapoint.com\/wp-content\/uploads\/2022\/08\/icon-mini-bypass.png\" class=\"attachment-large size-large wp-image-1524\" alt=\"Gastric Bypass\" srcset=\"https:\/\/obesitybajapoint.com\/wp-content\/uploads\/2022\/08\/icon-mini-bypass.png 150w, https:\/\/obesitybajapoint.com\/wp-content\/uploads\/2022\/08\/icon-mini-bypass-100x100.png 100w\" sizes=\"(max-width: 150px) 100vw, 150px\" \/>\t\t\t\t\t\t\t\t\t\t\t\t\t<\/div>\n\t\t\t\t<\/div>\n\t\t\t\t<div class=\"elementor-element elementor-element-99645c3 elementor-widget elementor-widget-heading\" data-id=\"99645c3\" data-element_type=\"widget\" data-widget_type=\"heading.default\">\n\t\t\t\t<div class=\"elementor-widget-container\">\n\t\t\t<h2 class=\"elementor-heading-title elementor-size-default\">$5,499<\/h2>\t\t<\/div>\n\t\t\t\t<\/div>\n\t\t\t\t<div class=\"elementor-element elementor-element-74aa110 elementor-icon-list--layout-traditional elementor-list-item-link-full_width elementor-widget elementor-widget-icon-list\" data-id=\"74aa110\" data-element_type=\"widget\" data-widget_type=\"icon-list.default\">\n\t\t\t\t<div class=\"elementor-widget-container\">\n\t\t\t<link rel=\"stylesheet\" href=\"https:\/\/obesitybajapoint.com\/wp-content\/plugins\/elementor\/assets\/css\/widget-icon-list.min.css\">\t\t<ul class=\"elementor-icon-list-items\">\n\t\t\t\t\t\t\t<li class=\"elementor-icon-list-item\">\n\t\t\t\t\t\t\t\t\t\t\t<span class=\"elementor-icon-list-icon\">\n\t\t\t\t\t\t\t<i aria-hidden=\"true\" class=\"fas fa-check\"><\/i>\t\t\t\t\t\t<\/span>\n\t\t\t\t\t\t\t\t\t\t<span class=\"elementor-icon-list-text\">Evaluaci\u00f3n preoperatoria<\/span>\n\t\t\t\t\t\t\t\t\t<\/li>\n\t\t\t\t\t\t\t\t<li class=\"elementor-icon-list-item\">\n\t\t\t\t\t\t\t\t\t\t\t<span class=\"elementor-icon-list-icon\">\n\t\t\t\t\t\t\t<i aria-hidden=\"true\" class=\"fas fa-check\"><\/i>\t\t\t\t\t\t<\/span>\n\t\t\t\t\t\t\t\t\t\t<span class=\"elementor-icon-list-text\">Ex\u00e1menes preoperatorios<\/span>\n\t\t\t\t\t\t\t\t\t<\/li>\n\t\t\t\t\t\t\t\t<li class=\"elementor-icon-list-item\">\n\t\t\t\t\t\t\t\t\t\t\t<span class=\"elementor-icon-list-icon\">\n\t\t\t\t\t\t\t<i aria-hidden=\"true\" class=\"fas fa-check\"><\/i>\t\t\t\t\t\t<\/span>\n\t\t\t\t\t\t\t\t\t\t<span class=\"elementor-icon-list-text\">Plan Nutricional (6 meses)<\/span>\n\t\t\t\t\t\t\t\t\t<\/li>\n\t\t\t\t\t\t\t\t<li class=\"elementor-icon-list-item\">\n\t\t\t\t\t\t\t\t\t\t\t<span class=\"elementor-icon-list-icon\">\n\t\t\t\t\t\t\t<i aria-hidden=\"true\" class=\"fas fa-check\"><\/i>\t\t\t\t\t\t<\/span>\n\t\t\t\t\t\t\t\t\t\t<span class=\"elementor-icon-list-text\">Transporte<\/span>\n\t\t\t\t\t\t\t\t\t<\/li>\n\t\t\t\t\t\t\t\t<li class=\"elementor-icon-list-item\">\n\t\t\t\t\t\t\t\t\t\t\t<span class=\"elementor-icon-list-icon\">\n\t\t\t\t\t\t\t<i aria-hidden=\"true\" class=\"fas fa-check\"><\/i>\t\t\t\t\t\t<\/span>\n\t\t\t\t\t\t\t\t\t\t<span class=\"elementor-icon-list-text\">Medicamentos<\/span>\n\t\t\t\t\t\t\t\t\t<\/li>\n\t\t\t\t\t\t\t\t<li class=\"elementor-icon-list-item\">\n\t\t\t\t\t\t\t\t\t\t\t<span class=\"elementor-icon-list-icon\">\n\t\t\t\t\t\t\t<i aria-hidden=\"true\" class=\"fas fa-check\"><\/i>\t\t\t\t\t\t<\/span>\n\t\t\t\t\t\t\t\t\t\t<span class=\"elementor-icon-list-text\">Honorarios del anestesi\u00f3logo<\/span>\n\t\t\t\t\t\t\t\t\t<\/li>\n\t\t\t\t\t\t\t\t<li class=\"elementor-icon-list-item\">\n\t\t\t\t\t\t\t\t\t\t\t<span class=\"elementor-icon-list-icon\">\n\t\t\t\t\t\t\t<i aria-hidden=\"true\" class=\"fas fa-check\"><\/i>\t\t\t\t\t\t<\/span>\n\t\t\t\t\t\t\t\t\t\t<span class=\"elementor-icon-list-text\">Honorarios del cirujano<\/span>\n\t\t\t\t\t\t\t\t\t<\/li>\n\t\t\t\t\t\t<\/ul>\n\t\t\t\t<\/div>\n\t\t\t\t<\/div>\n\t\t\t\t<div class=\"elementor-element elementor-element-e2f7ec1 elementor-mobile-align-center elementor-widget elementor-widget-button\" data-id=\"e2f7ec1\" data-element_type=\"widget\" data-widget_type=\"button.default\">\n\t\t\t\t<div class=\"elementor-widget-container\">\n\t\t\t\t\t<div class=\"elementor-button-wrapper\">\n\t\t\t<a class=\"elementor-button elementor-button-link elementor-size-sm\" href=\"https:\/\/api.whatsapp.com\/send?phone=14422310496&#038;text=Buen%20d%C3%ADa,%20quisiera%20mas%20informaci%C3%B3n%20sobre%20el%20Bypass%20gastrico.\">\n\t\t\t\t\t\t<span class=\"elementor-button-content-wrapper\">\n\t\t\t\t\t\t\t\t\t<span class=\"elementor-button-text\">Comenzar<\/span>\n\t\t\t\t\t<\/span>\n\t\t\t\t\t<\/a>\n\t\t<\/div>\n\t\t\t\t<\/div>\n\t\t\t\t<\/div>\n\t\t\t\t\t<\/div>\n\t\t\t\t<\/div>\n\t\t\t\t<\/div>\n\t\t<div class=\"elementor-element elementor-element-8939e5a e-con-full e-flex e-con e-parent\" data-id=\"8939e5a\" data-element_type=\"container\">\n\t\t\t\t<div class=\"elementor-element elementor-element-88012a5 elementor-widget elementor-widget-heading\" data-id=\"88012a5\" data-element_type=\"widget\" data-widget_type=\"heading.default\">\n\t\t\t\t<div class=\"elementor-widget-container\">\n\t\t\t<h2 class=\"elementor-heading-title elementor-size-default\">Beneficios<\/h2>\t\t<\/div>\n\t\t\t\t<\/div>\n\t\t\t\t<div class=\"elementor-element elementor-element-162c73c elementor-widget elementor-widget-text-editor\" data-id=\"162c73c\" data-element_type=\"widget\" data-widget_type=\"text-editor.default\">\n\t\t\t\t<div class=\"elementor-widget-container\">\n\t\t\t\t\t\t\t<p>La cirug\u00eda de p\u00e9rdida de peso tiene muchas ventajas y, con nuestros paquetes de turismo m\u00e9dico, puede someterse a una cirug\u00eda bari\u00e1trica segura y eficaz a un precio accesible.\u00a0<\/p><p><strong>Perdida de Peso<\/strong><\/p><ul><li>La cirug\u00eda de bypass g\u00e1strico puede promover y mantener una p\u00e9rdida de peso significativa. Al reducir la cantidad de alimentos que ingiere y restringir el n\u00famero de calor\u00edas que puede absorber, tras un bypass g\u00e1strico experimentar\u00e1 una dr\u00e1stica p\u00e9rdida de peso. La mayor\u00eda de los pacientes pierden entre el 60 y el 80 por ciento de su exceso de peso.\u00a0<\/li><\/ul><p><strong>Prevenci\u00f3n de Enfermades<\/strong><\/p><ul><li>\u00a0La obesidad puede provocar muchos problemas de salud importantes, como enfermedades cardiovasculares, diabetes, apnea obstructiva del sue\u00f1o, ERGE y otros. Cuando se realiza por un cirujano bari\u00e1trico experto como el Dr. Castillo, la cirug\u00eda de bypass g\u00e1strico le ayuda a amar y mantener la p\u00e9rdida de peso dram\u00e1tica y reduce y previene estas enfermedades relacionadas con la obesidad.<\/li><\/ul>\t\t\t\t\t\t<\/div>\n\t\t\t\t<\/div>\n\t\t\t\t<\/div>\n\t\t\t\t\t<\/div>\n\t\t\t\t<\/div>\n\t\t<div class=\"elementor-element elementor-element-f7759e5 e-flex e-con-boxed e-con e-parent\" data-id=\"f7759e5\" data-element_type=\"container\">\n\t\t\t\t\t<div class=\"e-con-inner\">\n\t\t<div class=\"elementor-element elementor-element-2d5d73b e-con-full e-flex e-con e-parent\" data-id=\"2d5d73b\" data-element_type=\"container\" data-settings=\"{&quot;background_background&quot;:&quot;classic&quot;}\">\n\t\t<div class=\"elementor-element elementor-element-64946e5 e-con-full e-flex e-con e-parent\" data-id=\"64946e5\" data-element_type=\"container\">\n\t\t\t\t<div class=\"elementor-element elementor-element-182fdce elementor-widget elementor-widget-heading\" data-id=\"182fdce\" data-element_type=\"widget\" data-widget_type=\"heading.default\">\n\t\t\t\t<div class=\"elementor-widget-container\">\n\t\t\t<h2 class=\"elementor-heading-title elementor-size-default\">Cuidaremos de ti<\/h2>\t\t<\/div>\n\t\t\t\t<\/div>\n\t\t\t\t<div class=\"elementor-element elementor-element-f787dd6 elementor-widget elementor-widget-text-editor\" data-id=\"f787dd6\" data-element_type=\"widget\" data-widget_type=\"text-editor.default\">\n\t\t\t\t<div class=\"elementor-widget-container\">\n\t\t\t\t\t\t\t<p>Pierda peso, aumente su energ\u00eda y prevenga las enfermedades metab\u00f3licas con la ayuda de nuestros cirujanos certificados y expertos en bariatr\u00eda.<\/p>\t\t\t\t\t\t<\/div>\n\t\t\t\t<\/div>\n\t\t\t\t<\/div>\n\t\t<div class=\"elementor-element elementor-element-2315191 e-con-full e-flex e-con e-parent\" data-id=\"2315191\" data-element_type=\"container\">\n\t\t\t\t<div class=\"elementor-element elementor-element-f478c05 elementor-mobile-align-center elementor-align-center elementor-widget elementor-widget-button\" data-id=\"f478c05\" data-element_type=\"widget\" data-widget_type=\"button.default\">\n\t\t\t\t<div class=\"elementor-widget-container\">\n\t\t\t\t\t<div class=\"elementor-button-wrapper\">\n\t\t\t<a class=\"elementor-button elementor-button-link elementor-size-sm\" href=\"https:\/\/api.whatsapp.com\/send?phone=14422310496&#038;text=Buen%20d%C3%ADa,%20quisiera%20mas%20informaci%C3%B3n%20sobre%20Obesity%20Baja%20Point.\">\n\t\t\t\t\t\t<span class=\"elementor-button-content-wrapper\">\n\t\t\t\t\t\t\t\t\t<span class=\"elementor-button-text\">Obtenga una evaluaci\u00f3n hoy<\/span>\n\t\t\t\t\t<\/span>\n\t\t\t\t\t<\/a>\n\t\t<\/div>\n\t\t\t\t<\/div>\n\t\t\t\t<\/div>\n\t\t\t\t<\/div>\n\t\t\t\t<\/div>\n\t\t\t\t\t<\/div>\n\t\t\t\t<\/div>\n\t\t<div class=\"elementor-element elementor-element-f742e27 e-flex e-con-boxed e-con e-parent\" data-id=\"f742e27\" data-element_type=\"container\" data-settings=\"{&quot;background_background&quot;:&quot;classic&quot;}\">\n\t\t\t\t\t<div class=\"e-con-inner\">\n\t\t<div class=\"elementor-element elementor-element-769cda9 e-con-full e-flex e-con e-parent\" data-id=\"769cda9\" data-element_type=\"container\" data-settings=\"{&quot;background_background&quot;:&quot;classic&quot;}\">\n\t\t<div class=\"elementor-element elementor-element-94c398b e-flex e-con-boxed e-con e-parent\" data-id=\"94c398b\" data-element_type=\"container\">\n\t\t\t\t\t<div class=\"e-con-inner\">\n\t\t\t\t<div class=\"elementor-element elementor-element-cba374b elementor-widget elementor-widget-heading\" data-id=\"cba374b\" data-element_type=\"widget\" data-widget_type=\"heading.default\">\n\t\t\t\t<div class=\"elementor-widget-container\">\n\t\t\t<h2 class=\"elementor-heading-title elementor-size-default\">Bolet\u00edn de noticias<\/h2>\t\t<\/div>\n\t\t\t\t<\/div>\n\t\t\t\t<div class=\"elementor-element elementor-element-98f43a6 elementor-widget elementor-widget-text-editor\" data-id=\"98f43a6\" data-element_type=\"widget\" data-widget_type=\"text-editor.default\">\n\t\t\t\t<div class=\"elementor-widget-container\">\n\t\t\t\t\t\t\t<p>Introduzca su direcci\u00f3n de correo eletr\u00f3nico para suscribirise a nuestro bolet\u00edn<\/p>\t\t\t\t\t\t<\/div>\n\t\t\t\t<\/div>\n\t\t\t\t\t<\/div>\n\t\t\t\t<\/div>\n\t\t\t\t<\/div>\n\t\t\t\t\t<\/div>\n\t\t\t\t<\/div>\n\t\t\t\t<\/div>","protected":false},"excerpt":{"rendered":"<p>Gastric Bypass What is a Gastric Bypass Gastric Bypass is a type of malabsorptive bariatric surgery. A small stomach pouch is created at the upper end of the stomach, and then the surgeon creates a bypass for food. The bypass allows food to skip the large excluded stomach and the first part of the small [&hellip;]<\/p>","protected":false},"author":1,"featured_media":0,"parent":0,"menu_order":0,"comment_status":"closed","ping_status":"closed","template":"","meta":{"om_disable_all_campaigns":false,"_monsterinsights_skip_tracking":false,"_monsterinsights_sitenote_active":false,"_monsterinsights_sitenote_note":"","_monsterinsights_sitenote_category":0,"footnotes":""},"class_list":["post-1595","page","type-page","status-publish","hentry"],"blocksy_meta":{"page_title_panel":"","has_hero_section":"disabled","6adf8427e3338cacf5ab2f524b7ef8b1":"","hero_section":"type-1","hero_elements":[{"id":"custom_title","enabled":true,"heading_tag":"h1","title":"Home"},{"id":"custom_description","enabled":true,"description_visibility":{"desktop":true,"tablet":true,"mobile":false}},{"id":"custom_meta","enabled":false,"meta_elements":[{"id":"author","enabled":true,"label":"By","has_author_avatar":"yes","avatar_size":25},{"id":"post_date","enabled":true,"label":"On","date_format_source":"default","date_format":"M j, Y"},{"id":"updated_date","enabled":false,"label":"On","date_format_source":"default","date_format":"M j, Y"},{"id":"categories","enabled":false,"label":"In","style":"simple"},{"id":"comments","enabled":true}],"page_meta_elements":{"joined":true,"articles_count":true,"comments":true}},{"id":"breadcrumbs","enabled":false}],"9741cca921386e11d73035f6d3788b1c":"","hero_alignment1":"CT_CSS_SKIP_RULE","hero_margin":40,"hero_alignment2":"center","hero_vertical_alignment":"center","7295e70143525a5f80712cda0789f708":"","hero_structure":"narrow","f28dfdaa4842de3933d4727cb207d2e1":"","page_title_bg_type":"featured_image","custom_hero_background":{"attachment_id":null},"page_title_image_size":"full","parallax":{"desktop":false,"tablet":false,"mobile":false},"5edf9deb27275997a5092861bfebae73":"","hero_height":"250px","pageTitleFont":{"family":"Default","variation":"Default","size":"30px","line-height":"CT_CSS_SKIP_RULE","letter-spacing":"CT_CSS_SKIP_RULE","text-transform":"CT_CSS_SKIP_RULE","text-decoration":"CT_CSS_SKIP_RULE"},"pageTitleFontColor":{"default":{"color":"CT_CSS_SKIP_RULEDEFAULT"}},"pageMetaFont":{"family":"Default","variation":"n6","size":"12px","line-height":"1.3","letter-spacing":"CT_CSS_SKIP_RULE","text-transform":"uppercase","text-decoration":"CT_CSS_SKIP_RULE"},"pageMetaFontColor":{"default":{"color":"CT_CSS_SKIP_RULEDEFAULT"},"hover":{"color":"CT_CSS_SKIP_RULEDEFAULT"}},"page_meta_button_type_font_colors":{"default":{"color":"CT_CSS_SKIP_RULEDEFAULT"},"hover":{"color":"CT_CSS_SKIP_RULEDEFAULT"}},"page_meta_button_type_background_colors":{"default":{"color":"CT_CSS_SKIP_RULEDEFAULT"},"hover":{"color":"CT_CSS_SKIP_RULEDEFAULT"}},"pageExcerptFont":{"family":"Default","variation":"Default","size":"CT_CSS_SKIP_RULE","line-height":"CT_CSS_SKIP_RULE","letter-spacing":"CT_CSS_SKIP_RULE","text-transform":"CT_CSS_SKIP_RULE","text-decoration":"CT_CSS_SKIP_RULE"},"pageExcerptColor":{"default":{"color":"CT_CSS_SKIP_RULEDEFAULT"}},"breadcrumbsFont":{"family":"Default","variation":"Default","size":"CT_CSS_SKIP_RULE","line-height":"CT_CSS_SKIP_RULE","letter-spacing":"CT_CSS_SKIP_RULE","text-transform":"CT_CSS_SKIP_RULE","text-decoration":"CT_CSS_SKIP_RULE"},"breadcrumbsFontColor":{"default":{"color":"CT_CSS_SKIP_RULEDEFAULT"},"initial":{"color":"CT_CSS_SKIP_RULEDEFAULT"},"hover":{"color":"CT_CSS_SKIP_RULEDEFAULT"}},"pageTitleOverlay":{"background_type":"color","background_pattern":"type-1","background_image":{"attachment_id":null,"x":0,"y":0},"gradient":"linear-gradient(135deg,rgba(6,147,227,1) 0%,rgb(155,81,224) 100%)","background_repeat":"repeat","background_size":"auto","background_attachment":"scroll","patternColor":{"default":{"color":"#e5e7ea"}},"overlayColor":{"default":{"color":"CT_CSS_SKIP_RULE"}},"backgroundColor":{"default":{"color":"CT_CSS_SKIP_RULE"}}},"pageTitleBackground":{"background_type":"color","background_pattern":"type-1","background_image":{"attachment_id":null,"x":0,"y":0},"gradient":"linear-gradient(135deg,rgba(6,147,227,1) 0%,rgb(155,81,224) 100%)","background_repeat":"repeat","background_size":"auto","background_attachment":"scroll","patternColor":{"default":{"color":"#e5e7ea"}},"overlayColor":{"default":{"color":"CT_CSS_SKIP_RULE"}},"backgroundColor":{"default":{"color":"var(--theme-palette-color-6)"}}},"pageTitlePadding":{"top":"50px","bottom":"50px","left":"auto","right":"auto","linked":true},"1bb85a443599e4f3c9dda8cd1d52b4f8":"","page_structure_type":"default","858466f3ebd28086503780ff7f37f52f":"","content_style_source":"inherit","content_style":"wide","vertical_spacing_source":"custom","content_area_spacing":"none","background":{"background_type":"color","background_pattern":"type-1","background_image":{"attachment_id":null,"x":0,"y":0},"gradient":"linear-gradient(135deg,rgba(6,147,227,1) 0%,rgb(155,81,224) 100%)","background_repeat":"repeat","background_size":"auto","background_attachment":"scroll","patternColor":{"default":{"color":"#e5e7ea"}},"overlayColor":{"default":{"color":"CT_CSS_SKIP_RULE"}},"backgroundColor":{"default":{"color":"CT_CSS_SKIP_RULE"}}},"content_background":{"background_type":"color","background_pattern":"type-1","background_image":{"attachment_id":null,"x":0,"y":0},"gradient":"linear-gradient(135deg,rgba(6,147,227,1) 0%,rgb(155,81,224) 100%)","background_repeat":"repeat","background_size":"auto","background_attachment":"scroll","patternColor":{"default":{"color":"#e5e7ea"}},"overlayColor":{"default":{"color":"CT_CSS_SKIP_RULE"}},"backgroundColor":{"default":{"color":"var(--theme-palette-color-8)"}}},"content_boxed_shadow":{"inherit":false,"blur":18,"spread":-6,"v_offset":12,"h_offset":0,"inset":false,"enable":true,"color":{"color":"rgba(34, 56, 101, 0.04)"}},"content_boxed_border":{"width":1,"style":"none","color":{"color":"rgba(44,62,80,0.2)"}},"content_boxed_radius":{"top":"3px","bottom":"3px","left":"3px","right":"3px","linked":true},"boxed_content_spacing":{"desktop":{"top":"40px","bottom":"40px","left":"40px","right":"40px","linked":true},"tablet":{"top":"35px","bottom":"35px","left":"35px","right":"35px","linked":true},"mobile":{"top":"20px","bottom":"20px","left":"20px","right":"20px","linked":true}},"89c5690a5759feff4305e208991a1347":"","disable_featured_image":"no","disable_share_box":"no","disable_header":"no","disable_footer":"no","styles_descriptor":{"styles":{"desktop":"","tablet":"","mobile":""},"google_fonts":[],"version":6}},"aioseo_notices":[],"jetpack_sharing_enabled":true,"_links":{"self":[{"href":"https:\/\/obesitybajapoint.com\/es\/wp-json\/wp\/v2\/pages\/1595","targetHints":{"allow":["GET"]}}],"collection":[{"href":"https:\/\/obesitybajapoint.com\/es\/wp-json\/wp\/v2\/pages"}],"about":[{"href":"https:\/\/obesitybajapoint.com\/es\/wp-json\/wp\/v2\/types\/page"}],"author":[{"embeddable":true,"href":"https:\/\/obesitybajapoint.com\/es\/wp-json\/wp\/v2\/users\/1"}],"replies":[{"embeddable":true,"href":"https:\/\/obesitybajapoint.com\/es\/wp-json\/wp\/v2\/comments?post=1595"}],"version-history":[{"count":29,"href":"https:\/\/obesitybajapoint.com\/es\/wp-json\/wp\/v2\/pages\/1595\/revisions"}],"predecessor-version":[{"id":2128,"href":"https:\/\/obesitybajapoint.com\/es\/wp-json\/wp\/v2\/pages\/1595\/revisions\/2128"}],"wp:attachment":[{"href":"https:\/\/obesitybajapoint.com\/es\/wp-json\/wp\/v2\/media?parent=1595"}],"curies":[{"name":"wp","href":"https:\/\/api.w.org\/{rel}","templated":true}]}}